{"id":56465,"date":"2024-03-19T14:16:38","date_gmt":"2024-03-19T14:16:38","guid":{"rendered":"https:\/\/repertoirecybele.com\/imprint\/"},"modified":"2024-03-19T14:16:38","modified_gmt":"2024-03-19T14:16:38","slug":"imprint","status":"publish","type":"page","link":"https:\/\/repertoirecybele.com\/en\/imprint\/","title":{"rendered":"Imprint"},"content":{"rendered":"\n<!-- Legal document generated by Complianz | GDPR\/CCPA Cookie Consent https:\/\/wordpress.org\/plugins\/complianz-gdpr -->\n<div id=\"cmplz-document\" class=\"cmplz-document impressum cmplz-document-all\"><p><i>This imprint was last updated on March 19, 2024.<\/i><\/p><p class=\"cmplz-subtitle\">The owner of this website is:<\/p><p>Cyb\u00e8le Espace Bien-\u00catre Inc. <br>13 000 rue Sherbrooke est<br \/>\nSuite 304<br \/>\nMontr\u00e9al, QC<br \/>\nH1A 3W2<br>Canada<br>Email:&nbsp;<span class=\"cmplz-obfuscate\">&#099;&#111;nt&#097;&#099;t@<span class=\"cmplz-fmail-domain\">e&#120;.&#099;o&#109;<\/span>&#114;epertoi&#114;&#101;c&#121;&#098;&#101;&#108;&#101;.&#099;&#111;m<\/span><br>Phone number: +1 514-552-9650<br><\/p><p class=\"cmplz-subtitle\">The legal representative(s) of Cyb\u00e8le Espace Bien-\u00catre Inc. :<\/p><p>Nancy Richard<\/p><h2>1. General<\/h2><p>We are not willing or obliged to participate in dispute resolution procedures before a consumer arbitration board.<\/p><\/div>\n","protected":false},"excerpt":{"rendered":"","protected":false},"author":1,"featured_media":0,"parent":0,"menu_order":0,"comment_status":"closed","ping_status":"closed","template":"","meta":{"_et_pb_use_builder":"","_et_pb_old_content":"","_et_gb_content_width":"","footnotes":""},"class_list":["post-56465","page","type-page","status-publish","format-standard","hentry"],"yoast_head":"<!-- This site is optimized with the Yoast SEO plugin v27.3 - https:\/\/yoast.com\/product\/yoast-seo-wordpress\/ -->\n<title>Imprint - Le R\u00e9pertoire Cyb\u00e8le<\/title>\n<meta name=\"robots\" content=\"index, follow, max-snippet:-1, max-image-preview:large, max-video-preview:-1\" \/>\n<link rel=\"canonical\" href=\"https:\/\/repertoirecybele.com\/en\/imprint\/\" \/>\n<meta property=\"og:locale\" content=\"en_US\" \/>\n<meta property=\"og:type\" content=\"article\" \/>\n<meta property=\"og:title\" content=\"Imprint - Le R\u00e9pertoire Cyb\u00e8le\" \/>\n<meta property=\"og:url\" content=\"https:\/\/repertoirecybele.com\/en\/imprint\/\" \/>\n<meta property=\"og:site_name\" content=\"Le R\u00e9pertoire Cyb\u00e8le\" \/>\n<meta property=\"og:image\" content=\"https:\/\/repertoirecybele.com\/wp-content\/uploads\/2023\/11\/EIAC-accueil-scaled-1.webp\" \/>\n\t<meta property=\"og:image:width\" content=\"2560\" \/>\n\t<meta property=\"og:image:height\" content=\"1709\" \/>\n\t<meta property=\"og:image:type\" content=\"image\/webp\" \/>\n<meta name=\"twitter:card\" content=\"summary_large_image\" \/>\n<script type=\"application\/ld+json\" class=\"yoast-schema-graph\">{\"@context\":\"https:\\\/\\\/schema.org\",\"@graph\":[{\"@type\":\"WebPage\",\"@id\":\"https:\\\/\\\/repertoirecybele.com\\\/en\\\/imprint\\\/\",\"url\":\"https:\\\/\\\/repertoirecybele.com\\\/en\\\/imprint\\\/\",\"name\":\"Imprint - Le R\u00e9pertoire Cyb\u00e8le\",\"isPartOf\":{\"@id\":\"https:\\\/\\\/repertoirecybele.com\\\/en\\\/#website\"},\"datePublished\":\"2024-03-19T14:16:38+00:00\",\"breadcrumb\":{\"@id\":\"https:\\\/\\\/repertoirecybele.com\\\/en\\\/imprint\\\/#breadcrumb\"},\"inLanguage\":\"en-US\",\"potentialAction\":[{\"@type\":\"ReadAction\",\"target\":[\"https:\\\/\\\/repertoirecybele.com\\\/en\\\/imprint\\\/\"]}]},{\"@type\":\"BreadcrumbList\",\"@id\":\"https:\\\/\\\/repertoirecybele.com\\\/en\\\/imprint\\\/#breadcrumb\",\"itemListElement\":[{\"@type\":\"ListItem\",\"position\":1,\"name\":\"Accueil\",\"item\":\"https:\\\/\\\/repertoirecybele.com\\\/en\\\/\"},{\"@type\":\"ListItem\",\"position\":2,\"name\":\"Imprint\"}]},{\"@type\":\"WebSite\",\"@id\":\"https:\\\/\\\/repertoirecybele.com\\\/en\\\/#website\",\"url\":\"https:\\\/\\\/repertoirecybele.com\\\/en\\\/\",\"name\":\"Le R\u00e9pertoire Cyb\u00e8le\",\"description\":\"Les certifi\u00e9s de \u00c9cole internationale d accompagnement Cyb\u00e8le\",\"publisher\":{\"@id\":\"https:\\\/\\\/repertoirecybele.com\\\/en\\\/#organization\"},\"alternateName\":\"R\u00e9pertoire des gradu\u00e9s Cyb\u00e8le\",\"potentialAction\":[{\"@type\":\"SearchAction\",\"target\":{\"@type\":\"EntryPoint\",\"urlTemplate\":\"https:\\\/\\\/repertoirecybele.com\\\/en\\\/?s={search_term_string}\"},\"query-input\":{\"@type\":\"PropertyValueSpecification\",\"valueRequired\":true,\"valueName\":\"search_term_string\"}}],\"inLanguage\":\"en-US\"},{\"@type\":\"Organization\",\"@id\":\"https:\\\/\\\/repertoirecybele.com\\\/en\\\/#organization\",\"name\":\"Le R\u00e9pertoire Cyb\u00e8le\",\"url\":\"https:\\\/\\\/repertoirecybele.com\\\/en\\\/\",\"logo\":{\"@type\":\"ImageObject\",\"inLanguage\":\"en-US\",\"@id\":\"https:\\\/\\\/repertoirecybele.com\\\/en\\\/#\\\/schema\\\/logo\\\/image\\\/\",\"url\":\"https:\\\/\\\/repertoirecybele.com\\\/wp-content\\\/uploads\\\/2023\\\/11\\\/logo-repertoire-Cybele.webp\",\"contentUrl\":\"https:\\\/\\\/repertoirecybele.com\\\/wp-content\\\/uploads\\\/2023\\\/11\\\/logo-repertoire-Cybele.webp\",\"width\":938,\"height\":938,\"caption\":\"Le R\u00e9pertoire Cyb\u00e8le\"},\"image\":{\"@id\":\"https:\\\/\\\/repertoirecybele.com\\\/en\\\/#\\\/schema\\\/logo\\\/image\\\/\"}}]}<\/script>\n<!-- \/ Yoast SEO plugin. -->","yoast_head_json":{"title":"Imprint - Le R\u00e9pertoire Cyb\u00e8le","robots":{"index":"index","follow":"follow","max-snippet":"max-snippet:-1","max-image-preview":"max-image-preview:large","max-video-preview":"max-video-preview:-1"},"canonical":"https:\/\/repertoirecybele.com\/en\/imprint\/","og_locale":"en_US","og_type":"article","og_title":"Imprint - Le R\u00e9pertoire Cyb\u00e8le","og_url":"https:\/\/repertoirecybele.com\/en\/imprint\/","og_site_name":"Le R\u00e9pertoire Cyb\u00e8le","og_image":[{"width":2560,"height":1709,"url":"https:\/\/repertoirecybele.com\/wp-content\/uploads\/2023\/11\/EIAC-accueil-scaled-1.webp","type":"image\/webp"}],"twitter_card":"summary_large_image","schema":{"@context":"https:\/\/schema.org","@graph":[{"@type":"WebPage","@id":"https:\/\/repertoirecybele.com\/en\/imprint\/","url":"https:\/\/repertoirecybele.com\/en\/imprint\/","name":"Imprint - Le R\u00e9pertoire Cyb\u00e8le","isPartOf":{"@id":"https:\/\/repertoirecybele.com\/en\/#website"},"datePublished":"2024-03-19T14:16:38+00:00","breadcrumb":{"@id":"https:\/\/repertoirecybele.com\/en\/imprint\/#breadcrumb"},"inLanguage":"en-US","potentialAction":[{"@type":"ReadAction","target":["https:\/\/repertoirecybele.com\/en\/imprint\/"]}]},{"@type":"BreadcrumbList","@id":"https:\/\/repertoirecybele.com\/en\/imprint\/#breadcrumb","itemListElement":[{"@type":"ListItem","position":1,"name":"Accueil","item":"https:\/\/repertoirecybele.com\/en\/"},{"@type":"ListItem","position":2,"name":"Imprint"}]},{"@type":"WebSite","@id":"https:\/\/repertoirecybele.com\/en\/#website","url":"https:\/\/repertoirecybele.com\/en\/","name":"Le R\u00e9pertoire Cyb\u00e8le","description":"Les certifi\u00e9s de \u00c9cole internationale d accompagnement Cyb\u00e8le","publisher":{"@id":"https:\/\/repertoirecybele.com\/en\/#organization"},"alternateName":"R\u00e9pertoire des gradu\u00e9s Cyb\u00e8le","potentialAction":[{"@type":"SearchAction","target":{"@type":"EntryPoint","urlTemplate":"https:\/\/repertoirecybele.com\/en\/?s={search_term_string}"},"query-input":{"@type":"PropertyValueSpecification","valueRequired":true,"valueName":"search_term_string"}}],"inLanguage":"en-US"},{"@type":"Organization","@id":"https:\/\/repertoirecybele.com\/en\/#organization","name":"Le R\u00e9pertoire Cyb\u00e8le","url":"https:\/\/repertoirecybele.com\/en\/","logo":{"@type":"ImageObject","inLanguage":"en-US","@id":"https:\/\/repertoirecybele.com\/en\/#\/schema\/logo\/image\/","url":"https:\/\/repertoirecybele.com\/wp-content\/uploads\/2023\/11\/logo-repertoire-Cybele.webp","contentUrl":"https:\/\/repertoirecybele.com\/wp-content\/uploads\/2023\/11\/logo-repertoire-Cybele.webp","width":938,"height":938,"caption":"Le R\u00e9pertoire Cyb\u00e8le"},"image":{"@id":"https:\/\/repertoirecybele.com\/en\/#\/schema\/logo\/image\/"}}]}},"_links":{"self":[{"href":"https:\/\/repertoirecybele.com\/en\/wp-json\/wp\/v2\/pages\/56465","targetHints":{"allow":["GET"]}}],"collection":[{"href":"https:\/\/repertoirecybele.com\/en\/wp-json\/wp\/v2\/pages"}],"about":[{"href":"https:\/\/repertoirecybele.com\/en\/wp-json\/wp\/v2\/types\/page"}],"author":[{"embeddable":true,"href":"https:\/\/repertoirecybele.com\/en\/wp-json\/wp\/v2\/users\/1"}],"replies":[{"embeddable":true,"href":"https:\/\/repertoirecybele.com\/en\/wp-json\/wp\/v2\/comments?post=56465"}],"version-history":[{"count":0,"href":"https:\/\/repertoirecybele.com\/en\/wp-json\/wp\/v2\/pages\/56465\/revisions"}],"wp:attachment":[{"href":"https:\/\/repertoirecybele.com\/en\/wp-json\/wp\/v2\/media?parent=56465"}],"curies":[{"name":"wp","href":"https:\/\/api.w.org\/{rel}","templated":true}]}}